{"id":2697,"date":"2023-11-13T15:11:44","date_gmt":"2023-11-13T13:11:44","guid":{"rendered":"https:\/\/inklusiva.info\/rueckblick-inklusiva-2018\/"},"modified":"2023-12-08T17:14:09","modified_gmt":"2023-12-08T15:14:09","slug":"rueckblick-inklusiva-2018","status":"publish","type":"page","link":"https:\/\/old.inklusiva.org\/ls\/rueckblick-inklusiva-2018\/","title":{"rendered":"R\u00fcckblick INKLUSIVA-2018"},"content":{"rendered":"<div class=\"fusion-fullwidth fullwidth-box fusion-builder-row-1 has-pattern-background has-mask-background nonhundred-percent-fullwidth non-hundred-percent-height-scrolling\" style=\"--awb-border-radius-top-left:0px;--awb-border-radius-top-right:0px;--awb-border-radius-bottom-right:0px;--awb-border-radius-bottom-left:0px;--awb-flex-wrap:wrap;\" ><div class=\"fusion-builder-row fusion-row\"><div class=\"fusion-layout-column fusion_builder_column fusion-builder-column-0 fusion_builder_column_1_1 1_1 fusion-one-full fusion-column-first fusion-column-last\" style=\"--awb-bg-size:cover;\"><div class=\"fusion-column-wrapper fusion-column-has-shadow fusion-flex-column-wrapper-legacy\"><div class=\"fusion-title title fusion-title-1 fusion-title-center fusion-title-text fusion-title-size-two\" style=\"--awb-text-color:#064ea3;--awb-sep-color:#064ea3;\"><div class=\"title-sep-container title-sep-container-left\"><div class=\"title-sep sep-single sep-solid\" style=\"border-color:#064ea3;\"><\/div><\/div><span class=\"awb-title-spacer\"><\/span><h2 class=\"fusion-title-heading title-heading-center fusion-responsive-typography-calculated\" style=\"margin:0;--fontSize:40;line-height:1.4;\">Inklusionsmesse 2018 &#8211; R\u00fcckblick<\/h2><span class=\"awb-title-spacer\"><\/span><div class=\"title-sep-container title-sep-container-right\"><div class=\"title-sep sep-single sep-solid\" style=\"border-color:#064ea3;\"><\/div><\/div><\/div><div class=\"fusion-text fusion-text-1\"><div class=\"page\" title=\"Page 2\">\n<div class=\"layoutArea\">Die Messe wurde gr\u00f6\u00dfer! Darum fand die 2. Inklusionsmesse Rheinland-Pfalz am 13. Und 14. April 2018 in der Mainzer Rheingoldhalle statt. Das Motto \u201eInklusion \u2013 Sei dabei!\u201c betonte, dass Inklusion eine gesamtgesellschaftliche Aufgabe ist. Inklusion kann nur gelingen, wenn alle mitmachen. Und es haben viele mitgemacht: Die rund 4.000 Besucher*innen erwarteten \u00fcber 50 Messest\u00e4nde mit inklusiven Angeboten und Initiativen, rund 30 Workshops, Mitmach-Aktionen sowie ein vielf\u00e4ltiges Rahmenprogramm mit Live-Acts bis in den Abend hinein.<\/div>\n<\/div>\n<\/div><div class=\"fusion-clearfix\"><\/div><\/div><\/div><\/div><\/div>\n","protected":false},"excerpt":{"rendered":"","protected":false},"author":5,"featured_media":0,"parent":0,"menu_order":0,"comment_status":"closed","ping_status":"closed","template":"","meta":{"_acf_changed":false,"footnotes":""},"mt-event-group":[],"class_list":["post-2697","page","type-page","status-publish","hentry"],"acf":[],"_links":{"self":[{"href":"https:\/\/old.inklusiva.org\/ls\/wp-json\/wp\/v2\/pages\/2697","targetHints":{"allow":["GET"]}}],"collection":[{"href":"https:\/\/old.inklusiva.org\/ls\/wp-json\/wp\/v2\/pages"}],"about":[{"href":"https:\/\/old.inklusiva.org\/ls\/wp-json\/wp\/v2\/types\/page"}],"author":[{"embeddable":true,"href":"https:\/\/old.inklusiva.org\/ls\/wp-json\/wp\/v2\/users\/5"}],"replies":[{"embeddable":true,"href":"https:\/\/old.inklusiva.org\/ls\/wp-json\/wp\/v2\/comments?post=2697"}],"version-history":[{"count":1,"href":"https:\/\/old.inklusiva.org\/ls\/wp-json\/wp\/v2\/pages\/2697\/revisions"}],"predecessor-version":[{"id":2698,"href":"https:\/\/old.inklusiva.org\/ls\/wp-json\/wp\/v2\/pages\/2697\/revisions\/2698"}],"wp:attachment":[{"href":"https:\/\/old.inklusiva.org\/ls\/wp-json\/wp\/v2\/media?parent=2697"}],"wp:term":[{"taxonomy":"mt-event-group","embeddable":true,"href":"https:\/\/old.inklusiva.org\/ls\/wp-json\/wp\/v2\/mt-event-group?post=2697"}],"curies":[{"name":"wp","href":"https:\/\/api.w.org\/{rel}","templated":true}]}}