{"id":2802,"date":"2019-11-05T20:02:44","date_gmt":"2019-11-05T18:02:44","guid":{"rendered":"https:\/\/inklusiva.info\/kontakt\/"},"modified":"2025-05-08T17:03:55","modified_gmt":"2025-05-08T15:03:55","slug":"kontakt","status":"publish","type":"page","link":"https:\/\/old.inklusiva.org\/ls\/kontakt\/","title":{"rendered":"Kontakt"},"content":{"rendered":"<p><div class=\"fusion-fullwidth fullwidth-box fusion-builder-row-1 nonhundred-percent-fullwidth non-hundred-percent-height-scrolling\" style=\"--awb-border-radius-top-left:0px;--awb-border-radius-top-right:0px;--awb-border-radius-bottom-right:0px;--awb-border-radius-bottom-left:0px;--awb-flex-wrap:wrap;\" ><div class=\"fusion-builder-row fusion-row\"><div class=\"fusion-layout-column fusion_builder_column fusion-builder-column-0 fusion_builder_column_1_1 1_1 fusion-one-full fusion-column-first fusion-column-last\" style=\"--awb-bg-blend:overlay;--awb-bg-size:cover;\"><div class=\"fusion-column-wrapper fusion-column-has-shadow fusion-flex-column-wrapper-legacy\"><div class=\"fusion-title title fusion-title-1 fusion-sep-none fusion-title-text fusion-title-size-one\" style=\"--awb-text-color:#064ea3;\"><h1 class=\"fusion-title-heading title-heading-left fusion-responsive-typography-calculated\" style=\"margin:0;--fontSize:50;line-height:1.4;\">Kontakt<\/h1><\/div><div class=\"fusion-text fusion-text-1\"><p><span style=\"font-size: 25px;\" data-fusion-font=\"true\">Wenn Sie mehr wissen wollen:<\/span><\/p>\n<p><span style=\"font-size: 25px;\" data-fusion-font=\"true\">Wir helfen Ihnen gerne weiter.<\/span><\/p>\n<\/div><div class=\"fusion-clearfix\"><\/div><\/div><\/div><\/div><\/div><div class=\"fusion-fullwidth fullwidth-box fusion-builder-row-2 fusion-flex-container has-pattern-background has-mask-background nonhundred-percent-fullwidth non-hundred-percent-height-scrolling\" style=\"--awb-border-radius-top-left:0px;--awb-border-radius-top-right:0px;--awb-border-radius-bottom-right:0px;--awb-border-radius-bottom-left:0px;--awb-flex-wrap:wrap;\" ><div class=\"fusion-builder-row fusion-row fusion-flex-align-items-flex-start fusion-flex-content-wrap\" style=\"max-width:1248px;margin-left: calc(-4% \/ 2 );margin-right: calc(-4% \/ 2 );\"><div class=\"fusion-layout-column fusion_builder_column fusion-builder-column-1 fusion_builder_column_1_1 1_1 fusion-flex-column\" style=\"--awb-bg-size:cover;--awb-width-large:100%;--awb-margin-top-large:0px;--awb-spacing-right-large:1.92%;--awb-margin-bottom-large:20px;--awb-spacing-left-large:1.92%;--awb-width-medium:100%;--awb-order-medium:0;--awb-spacing-right-medium:1.92%;--awb-spacing-left-medium:1.92%;--awb-width-small:100%;--awb-order-small:0;--awb-spacing-right-small:1.92%;--awb-spacing-left-small:1.92%;\"><div class=\"fusion-column-wrapper fusion-column-has-shadow fusion-flex-justify-content-flex-start fusion-content-layout-column\"><div class=\"fusion-separator fusion-full-width-sep\" style=\"align-self: center;margin-left: auto;margin-right: auto;width:100%;\"><div class=\"fusion-separator-border sep-single\" style=\"--awb-height:20px;--awb-amount:20px;border-color:#064ea3;border-top-width:1px;\"><\/div><\/div><\/div><\/div><div class=\"fusion-layout-column fusion_builder_column fusion-builder-column-2 fusion_builder_column_1_2 1_2 fusion-flex-column\" style=\"--awb-bg-size:cover;--awb-width-large:50%;--awb-margin-top-large:0px;--awb-spacing-right-large:3.84%;--awb-margin-bottom-large:20px;--awb-spacing-left-large:3.84%;--awb-width-medium:100%;--awb-order-medium:0;--awb-spacing-right-medium:1.92%;--awb-spacing-left-medium:1.92%;--awb-width-small:100%;--awb-order-small:0;--awb-spacing-right-small:1.92%;--awb-spacing-left-small:1.92%;\"><div class=\"fusion-column-wrapper fusion-column-has-shadow fusion-flex-justify-content-flex-start fusion-content-layout-column\"><div class=\"fusion-text fusion-text-2\"><ul>\n<li style=\"font-size: 22px;\" data-fusion-font=\"true\">Sie k\u00f6nnen uns anrufen.<br \/>\nDie Telefon-Nummer ist:<br \/>\n06131 &#8211; 79 604-01<\/li>\n<\/ul>\n<ul>\n<li style=\"font-size: 22px;\" data-fusion-font=\"true\">Sie k\u00f6nnen uns auch eine E-Mail schreiben.<br \/>\nDie E-Mail-Adresse ist:<br \/>\nhallo@inklusiva.info<\/li>\n<\/ul>\n<\/div><\/div><\/div><div class=\"fusion-layout-column fusion_builder_column fusion-builder-column-3 fusion_builder_column_1_2 1_2 fusion-flex-column\" style=\"--awb-bg-size:cover;--awb-width-large:50%;--awb-margin-top-large:0px;--awb-spacing-right-large:3.84%;--awb-margin-bottom-large:20px;--awb-spacing-left-large:3.84%;--awb-width-medium:100%;--awb-order-medium:0;--awb-spacing-right-medium:1.92%;--awb-spacing-left-medium:1.92%;--awb-width-small:100%;--awb-order-small:0;--awb-spacing-right-small:1.92%;--awb-spacing-left-small:1.92%;\"><div class=\"fusion-column-wrapper fusion-column-has-shadow fusion-flex-justify-content-flex-start fusion-content-layout-column\"><div class=\"fusion-image-element \" style=\"text-align:right;--awb-caption-title-font-family:var(--h2_typography-font-family);--awb-caption-title-font-weight:var(--h2_typography-font-weight);--awb-caption-title-font-style:var(--h2_typography-font-style);--awb-caption-title-size:var(--h2_typography-font-size);--awb-caption-title-transform:var(--h2_typography-text-transform);--awb-caption-title-line-height:var(--h2_typography-line-height);--awb-caption-title-letter-spacing:var(--h2_typography-letter-spacing);\"><span class=\" fusion-imageframe imageframe-none imageframe-1 hover-type-none\"><img decoding=\"async\" width=\"300\" height=\"300\" alt=\"Telefon mit H\u00f6rer und Wahltastatur\" title=\"Kontaktieren\" src=\"https:\/\/inklusiva.info\/wp-content\/uploads\/2024\/02\/Kontaktieren-RGB-300x300.jpg\" class=\"img-responsive wp-image-3144\" srcset=\"https:\/\/old.inklusiva.org\/wp-content\/uploads\/2024\/02\/Kontaktieren-RGB-200x200.jpg 200w, https:\/\/old.inklusiva.org\/wp-content\/uploads\/2024\/02\/Kontaktieren-RGB-400x400.jpg 400w, https:\/\/old.inklusiva.org\/wp-content\/uploads\/2024\/02\/Kontaktieren-RGB-600x600.jpg 600w, https:\/\/old.inklusiva.org\/wp-content\/uploads\/2024\/02\/Kontaktieren-RGB-800x800.jpg 800w, https:\/\/old.inklusiva.org\/wp-content\/uploads\/2024\/02\/Kontaktieren-RGB.jpg 900w\" sizes=\"(max-width: 1024px) 100vw, (max-width: 640px) 100vw, 600px\" \/><\/span><\/div><\/div><\/div><\/div><\/div><div class=\"fusion-fullwidth fullwidth-box fusion-builder-row-3 nonhundred-percent-fullwidth non-hundred-percent-height-scrolling\" style=\"--awb-border-radius-top-left:0px;--awb-border-radius-top-right:0px;--awb-border-radius-bottom-right:0px;--awb-border-radius-bottom-left:0px;--awb-padding-top:30px;--awb-padding-bottom:0px;--awb-margin-bottom:80px;--awb-flex-wrap:wrap;\" ><div class=\"fusion-builder-row fusion-row\"><div class=\"fusion-layout-column fusion_builder_column fusion-builder-column-4 fusion_builder_column_1_1 1_1 fusion-one-full fusion-column-first fusion-column-last\" style=\"--awb-padding-top:30px;--awb-padding-right:30px;--awb-padding-bottom:30px;--awb-padding-left:30px;--awb-bg-color:#eeeeee;--awb-bg-color-hover:#eeeeee;--awb-bg-size:cover;--awb-border-color:#eeeeee;--awb-border-top:3px;--awb-border-right:3px;--awb-border-bottom:3px;--awb-border-left:3px;--awb-border-style:solid;\" data-scroll-devices=\"small-visibility,medium-visibility,large-visibility\"><div class=\"fusion-column-wrapper fusion-column-has-shadow fusion-flex-column-wrapper-legacy\"><div class=\"fusion-title title fusion-title-2 fusion-sep-none fusion-title-text fusion-title-size-three\" style=\"--awb-margin-bottom:30px;\"><h3 class=\"fusion-title-heading title-heading-left fusion-responsive-typography-calculated\" style=\"margin:0;--fontSize:35;line-height:1.35;\">Neuigkeiten \u00fcber die INKLUSIVA<\/h3><\/div><div class=\"fusion-text fusion-text-3\"><p>Sie wollen Neuigkeiten von der INKLUSIVA bekommen?<\/p>\n<p>Unter diesem Text k\u00f6nnen Sie sich daf\u00fcr anmelden.<\/p>\n<p>Nach der Anmeldung bekommen Sie etwa alle vier Wochen eine E-Mail von uns.<\/p>\n<p>Die E-Mails sind in schwerer Sprache geschrieben.<\/p>\n<\/div><div class=\"fusion-text fusion-text-4\">  \n      <h6><\/h6>\n  \n  <div class=\"\n    mailpoet_form_popup_overlay\n      \"><\/div>\n  <div\n    id=\"mailpoet_form_1\"\n    class=\"\n      mailpoet_form\n      mailpoet_form_shortcode\n      mailpoet_form_position_\n      mailpoet_form_animation_\n    \"\n      >\n\n    <style type=\"text\/css\">\n     #mailpoet_form_1 .mailpoet_form {  }\n#mailpoet_form_1 .mailpoet_column_with_background { padding: 10px; }\n#mailpoet_form_1 .mailpoet_form_column:not(:first-child) { margin-left: 20px; }\n#mailpoet_form_1 .mailpoet_paragraph { line-height: 20px; margin-bottom: 20px; }\n#mailpoet_form_1 .mailpoet_segment_label, #mailpoet_form_1 .mailpoet_text_label, #mailpoet_form_1 .mailpoet_textarea_label, #mailpoet_form_1 .mailpoet_select_label, #mailpoet_form_1 .mailpoet_radio_label, #mailpoet_form_1 .mailpoet_checkbox_label, #mailpoet_form_1 .mailpoet_list_label, #mailpoet_form_1 .mailpoet_date_label { display: block; font-weight: normal; }\n#mailpoet_form_1 .mailpoet_text, #mailpoet_form_1 .mailpoet_textarea, #mailpoet_form_1 .mailpoet_select, #mailpoet_form_1 .mailpoet_date_month, #mailpoet_form_1 .mailpoet_date_day, #mailpoet_form_1 .mailpoet_date_year, #mailpoet_form_1 .mailpoet_date { display: block; }\n#mailpoet_form_1 .mailpoet_text, #mailpoet_form_1 .mailpoet_textarea { width: 200px; }\n#mailpoet_form_1 .mailpoet_checkbox {  }\n#mailpoet_form_1 .mailpoet_submit {  }\n#mailpoet_form_1 .mailpoet_divider {  }\n#mailpoet_form_1 .mailpoet_message {  }\n#mailpoet_form_1 .mailpoet_form_loading { width: 30px; text-align: center; line-height: normal; }\n#mailpoet_form_1 .mailpoet_form_loading > span { width: 5px; height: 5px; background-color: #5b5b5b; }#mailpoet_form_1{border-radius: 0px;text-align: left;}#mailpoet_form_1 form.mailpoet_form {padding: 20px;}#mailpoet_form_1{width: 100%;}#mailpoet_form_1 .mailpoet_message {margin: 0; padding: 0 20px;}#mailpoet_form_1 .mailpoet_paragraph.last {margin-bottom: 0} @media (max-width: 500px) {#mailpoet_form_1 {background-image: none;}} @media (min-width: 500px) {#mailpoet_form_1 .last .mailpoet_paragraph:last-child {margin-bottom: 0}}  @media (max-width: 500px) {#mailpoet_form_1 .mailpoet_form_column:last-child .mailpoet_paragraph:last-child {margin-bottom: 0}} \n    <\/style>\n\n    <form\n      target=\"_self\"\n      method=\"post\"\n      action=\"https:\/\/old.inklusiva.org\/wp-admin\/admin-post.php?action=mailpoet_subscription_form\"\n      class=\"mailpoet_form mailpoet_form_form mailpoet_form_shortcode\"\n      novalidate\n      data-delay=\"\"\n      data-exit-intent-enabled=\"\"\n      data-font-family=\"\"\n      data-cookie-expiration-time=\"\"\n    >\n      <input type=\"hidden\" name=\"data[form_id]\" value=\"1\" \/>\n      <input type=\"hidden\" name=\"token\" value=\"2a773dd155\" \/>\n      <input type=\"hidden\" name=\"api_version\" value=\"v1\" \/>\n      <input type=\"hidden\" name=\"endpoint\" value=\"subscribers\" \/>\n      <input type=\"hidden\" name=\"mailpoet_method\" value=\"subscribe\" \/>\n\n      <label class=\"mailpoet_hp_email_label\" style=\"display: none !important;\">Please leave this field empty<input type=\"email\" name=\"data[email]\"\/><\/label><div class=\"mailpoet_paragraph \"><input type=\"email\" autocomplete=\"email\" class=\"mailpoet_text\" id=\"form_email_1\" name=\"data[form_field_MGI5MDgzODEwZjNiX2VtYWls]\" title=\"E-Mail-Adresse\" value=\"\" style=\"width:100%;box-sizing:border-box;padding:5px;margin: 0 auto 0 0;\" data-automation-id=\"form_email\"  placeholder=\"E-Mail-Adresse *\" aria-label=\"E-Mail-Adresse *\" data-parsley-errors-container=\".mailpoet_error_kw3bj\" data-parsley-required=\"true\" required aria-required=\"true\" data-parsley-minlength=\"6\" data-parsley-maxlength=\"150\" data-parsley-type-message=\"This value should be a valid email.\" data-parsley-required-message=\"This field is required.\"\/><span class=\"mailpoet_error_kw3bj\"><\/span><\/div>\n<p class=\"mailpoet_form_paragraph \" style=\"text-align: left\">Mit dem Absenden erkl\u00e4re ich mich damit einverstanden, dass meine Email-Adresse zu Zwecken der Kontaktaufnahme gespeichert und verwendet wird. Die Verwendung beschr\u00e4nkt sich ausschlie\u00dflich auf die Information \u00fcber Neuigkeiten in Bezug zur INKLUSIVA.<\/p>\n<div class='mailpoet_form_columns_container'><div class=\"mailpoet_form_columns mailpoet_paragraph mailpoet_stack_on_mobile\"><div class=\"mailpoet_form_column\" style=\"flex-basis:100%;\"><div class='mailpoet_form_columns_container'><div class=\"mailpoet_form_columns mailpoet_paragraph mailpoet_stack_on_mobile\"><div class=\"mailpoet_form_column\" style=\"flex-basis:100%;\"><div class=\"mailpoet_paragraph \"><input type=\"submit\" class=\"mailpoet_submit\" value=\"Abonnieren\" data-automation-id=\"subscribe-submit-button\" style=\"width:100%;box-sizing:border-box;background-color:#eeeeee;border-style:solid;border-radius:0px !important;border-width:0px;border-color:#313131;padding:5px;margin: 0 auto 0 0;font-size:20px;line-height:1.5;height:auto;color:#ce2222;font-weight:bold;\" \/><span class=\"mailpoet_form_loading\"><span class=\"mailpoet_bounce1\"><\/span><span class=\"mailpoet_bounce2\"><\/span><span class=\"mailpoet_bounce3\"><\/span><\/span><\/div>\n<\/div>\n<\/div><\/div>\n<\/div>\n<\/div><\/div>\n\n      <div class=\"mailpoet_message\">\n        <p class=\"mailpoet_validate_success\"\n                style=\"display:none;\"\n                >Pr\u00fcfe deinen Posteingang oder Spam-Ordner, um dein Abonnement zu best\u00e4tigen.\n        <\/p>\n        <p class=\"mailpoet_validate_error\"\n                style=\"display:none;\"\n                >        <\/p>\n      <\/div>\n    <\/form>\n\n      <\/div>\n\n  \n<\/div><div class=\"fusion-clearfix\"><\/div><\/div><\/div><\/div><\/div><div class=\"fusion-fullwidth fullwidth-box fusion-builder-row-4 nonhundred-percent-fullwidth non-hundred-percent-height-scrolling fusion-equal-height-columns\" style=\"--awb-border-radius-top-left:0px;--awb-border-radius-top-right:0px;--awb-border-radius-bottom-right:0px;--awb-border-radius-bottom-left:0px;--awb-padding-top:50px;--awb-margin-bottom:0px;--awb-flex-wrap:wrap;\" ><div class=\"fusion-builder-row fusion-row\"><div class=\"fusion-layout-column fusion_builder_column fusion-builder-column-5 fusion_builder_column_1_1 1_1 fusion-one-full fusion-column-first fusion-column-last fusion-column-no-min-height\" style=\"--awb-bg-blend:overlay;--awb-bg-size:cover;--awb-margin-bottom:30px;\"><div class=\"fusion-column-wrapper fusion-column-has-shadow fusion-flex-column-wrapper-legacy\"><div class=\"fusion-title title fusion-title-3 fusion-sep-none fusion-title-center fusion-title-text fusion-title-size-five\"><h5 class=\"fusion-title-heading title-heading-center fusion-responsive-typography-calculated\" style=\"margin:0;--fontSize:24;--minFontSize:24;line-height:1.5;\">Weitere Neuigkeiten erhalten Sie auf unseren Kan\u00e4len in den sozialen Medien.<\/h5><\/div><div class=\"fusion-clearfix\"><\/div><\/div><\/div><div class=\"fusion-layout-column fusion_builder_column fusion-builder-column-6 fusion_builder_column_1_6 1_6 fusion-one-sixth fusion-column-first fusion-column-inner-bg-wrapper fusion-column-hover-type-liftup fusion-column-liftup-border fusion-animated inklusiva-fill\" style=\"--awb-inner-bg-color:#eeeeee;--awb-inner-bg-color-hover:#eeeeee;--awb-inner-bg-size:cover;--awb-border-color:#eeeeee;--awb-inner-border-color:#eeeeee;--awb-border-top:4px;--awb-inner-border-top:4px;--awb-border-right:4px;--awb-inner-border-right:4px;--awb-border-bottom:4px;--awb-inner-border-bottom:4px;--awb-border-left:4px;--awb-inner-border-left:4px;--awb-border-style:solid;--awb-inner-border-style:solid;width:16.6666666667%;width:calc(16.6666666667% - ( ( 30px + 30px + 30px + 30px ) * 0.166666666667 ) );margin-right: 30px;\" data-animationType=\"fadeIn\" data-animationDuration=\"0.3\" data-animationOffset=\"top-into-view\"><span class=\"fusion-column-inner-bg hover-type-liftup\"><a class=\"fusion-column-anchor\" href=\"https:\/\/www.facebook.com\/inklusionsmesse\/\" rel=\"noopener noreferrer\" target=\"_blank\"><span class=\"fusion-column-inner-bg-image\"><\/span><\/a><\/span><div class=\"fusion-column-wrapper fusion-flex-column-wrapper-legacy\"><div class=\"fusion-column-content-centered\"><div class=\"fusion-column-content\"><div class=\"fusion-fa-align-center\"><i class=\"fb-icon-element-1 fb-icon-element fontawesome-icon fa-facebook-f fab circle-no\" style=\"--awb-font-size:64px;--awb-margin-top:20px;--awb-margin-right:0px;--awb-margin-bottom:20px;\"><\/i><\/div><div class=\"fusion-text fusion-text-5 inklusiva-fakten-beschreibung\"><p>Facebook<\/p>\n<\/div><\/div><\/div><div class=\"fusion-clearfix\"><\/div><\/div><\/div><div class=\"fusion-layout-column fusion_builder_column fusion-builder-column-7 fusion_builder_column_1_6 1_6 fusion-one-sixth fusion-column-inner-bg-wrapper fusion-column-hover-type-liftup fusion-column-liftup-border fusion-animated inklusiva-fill\" style=\"--awb-inner-bg-color:#eeeeee;--awb-inner-bg-color-hover:#eeeeee;--awb-inner-bg-size:cover;--awb-border-color:#eeeeee;--awb-inner-border-color:#eeeeee;--awb-border-top:4px;--awb-inner-border-top:4px;--awb-border-right:4px;--awb-inner-border-right:4px;--awb-border-bottom:4px;--awb-inner-border-bottom:4px;--awb-border-left:4px;--awb-inner-border-left:4px;--awb-border-style:solid;--awb-inner-border-style:solid;width:16.6666666667%;width:calc(16.6666666667% - ( ( 30px + 30px + 30px + 30px ) * 0.166666666667 ) );margin-right: 30px;\" data-animationType=\"fadeIn\" data-animationDuration=\"0.3\" data-animationOffset=\"top-into-view\"><span class=\"fusion-column-inner-bg hover-type-liftup\"><a class=\"fusion-column-anchor\" href=\"https:\/\/www.instagram.com\/inklusionsmesse\/\" rel=\"noopener noreferrer\" target=\"_blank\"><span class=\"fusion-column-inner-bg-image\"><\/span><\/a><\/span><div class=\"fusion-column-wrapper fusion-flex-column-wrapper-legacy\"><div class=\"fusion-column-content-centered\"><div class=\"fusion-column-content\"><div class=\"fusion-fa-align-center\"><i class=\"fb-icon-element-2 fb-icon-element fontawesome-icon fa-instagram fab circle-no\" style=\"--awb-font-size:64px;--awb-margin-top:20px;--awb-margin-right:0px;--awb-margin-bottom:20px;--awb-margin-left:0px;\"><\/i><\/div><div class=\"fusion-text fusion-text-6 inklusiva-fakten-beschreibung\"><p>Instagram<\/p>\n<\/div><\/div><\/div><div class=\"fusion-clearfix\"><\/div><\/div><\/div><div class=\"fusion-layout-column fusion_builder_column fusion-builder-column-8 fusion_builder_column_1_6 1_6 fusion-one-sixth fusion-column-inner-bg-wrapper fusion-column-hover-type-liftup fusion-column-liftup-border fusion-animated inklusiva-fill\" style=\"--awb-inner-bg-color:#eeeeee;--awb-inner-bg-color-hover:#eeeeee;--awb-inner-bg-size:cover;--awb-border-color:#eeeeee;--awb-inner-border-color:#eeeeee;--awb-border-top:4px;--awb-inner-border-top:4px;--awb-border-right:4px;--awb-inner-border-right:4px;--awb-border-bottom:4px;--awb-inner-border-bottom:4px;--awb-border-left:4px;--awb-inner-border-left:4px;--awb-border-style:solid;--awb-inner-border-style:solid;width:16.6666666667%;width:calc(16.6666666667% - ( ( 30px + 30px + 30px + 30px ) * 0.166666666667 ) );margin-right: 30px;\" data-animationType=\"fadeIn\" data-animationDuration=\"0.3\" data-animationOffset=\"top-into-view\"><span class=\"fusion-column-inner-bg hover-type-liftup\"><a class=\"fusion-column-anchor\" href=\"https:\/\/twitter.com\/inklusionsmesse?lang=de\" rel=\"noopener noreferrer\" target=\"_blank\"><span class=\"fusion-column-inner-bg-image\"><\/span><\/a><\/span><div class=\"fusion-column-wrapper fusion-flex-column-wrapper-legacy\"><div class=\"fusion-column-content-centered\"><div class=\"fusion-column-content\"><div class=\"fusion-fa-align-center\"><i class=\"fb-icon-element-3 fb-icon-element fontawesome-icon fa-twitter fab circle-no\" style=\"--awb-font-size:64px;--awb-margin-top:20px;--awb-margin-right:0px;--awb-margin-bottom:20px;--awb-margin-left:0px;\"><\/i><\/div><div class=\"fusion-text fusion-text-7 inklusiva-fakten-beschreibung\"><p>Twitter<\/p>\n<\/div><\/div><\/div><div class=\"fusion-clearfix\"><\/div><\/div><\/div><div class=\"fusion-layout-column fusion_builder_column fusion-builder-column-9 fusion_builder_column_1_6 1_6 fusion-one-sixth fusion-column-inner-bg-wrapper fusion-column-hover-type-liftup fusion-column-liftup-border fusion-animated inklusiva-fill\" style=\"--awb-inner-bg-color:#eeeeee;--awb-inner-bg-color-hover:#eeeeee;--awb-inner-bg-size:cover;--awb-border-color:#eeeeee;--awb-inner-border-color:#eeeeee;--awb-border-top:4px;--awb-inner-border-top:4px;--awb-border-right:4px;--awb-inner-border-right:4px;--awb-border-bottom:4px;--awb-inner-border-bottom:4px;--awb-border-left:4px;--awb-inner-border-left:4px;--awb-border-style:solid;--awb-inner-border-style:solid;width:16.6666666667%;width:calc(16.6666666667% - ( ( 30px + 30px + 30px + 30px ) * 0.166666666667 ) );margin-right: 30px;\" data-animationType=\"fadeIn\" data-animationDuration=\"0.3\" data-animationOffset=\"top-into-view\"><span class=\"fusion-column-inner-bg hover-type-liftup\"><a class=\"fusion-column-anchor\" href=\"https:\/\/www.youtube.com\/channel\/UChiOMQ4H-JjZC5IXmIBRRcA\" rel=\"noopener noreferrer\" target=\"_blank\"><span class=\"fusion-column-inner-bg-image\"><\/span><\/a><\/span><div class=\"fusion-column-wrapper fusion-flex-column-wrapper-legacy\"><div class=\"fusion-column-content-centered\"><div class=\"fusion-column-content\"><div class=\"fusion-fa-align-center\"><i class=\"fb-icon-element-4 fb-icon-element fontawesome-icon fa-youtube fab circle-no\" style=\"--awb-font-size:64px;--awb-margin-top:20px;--awb-margin-right:0px;--awb-margin-bottom:20px;--awb-margin-left:0px;\"><\/i><\/div><div class=\"fusion-text fusion-text-8 inklusiva-fakten-beschreibung\"><p>Youtube<\/p>\n<\/div><\/div><\/div><div class=\"fusion-clearfix\"><\/div><\/div><\/div><div class=\"fusion-layout-column fusion_builder_column fusion-builder-column-10 fusion_builder_column_1_3 1_3 fusion-one-third fusion-column-last fusion-column-inner-bg-wrapper fusion-column-hover-type-liftup fusion-column-liftup-border fusion-animated inklusiva-fill\" style=\"--awb-inner-bg-color:#eeeeee;--awb-inner-bg-color-hover:#eeeeee;--awb-inner-bg-size:cover;--awb-border-color:#eeeeee;--awb-inner-border-color:#eeeeee;--awb-border-top:4px;--awb-inner-border-top:4px;--awb-border-right:4px;--awb-inner-border-right:4px;--awb-border-bottom:4px;--awb-inner-border-bottom:4px;--awb-border-left:4px;--awb-inner-border-left:4px;--awb-border-style:solid;--awb-inner-border-style:solid;width:33.3333333333%;width:calc(33.3333333333% - ( ( 30px + 30px + 30px + 30px ) * 0.333333333333 ) );\" data-animationType=\"fadeIn\" data-animationDuration=\"0.3\" data-animationOffset=\"top-into-view\"><span class=\"fusion-column-inner-bg hover-type-liftup\"><a class=\"fusion-column-anchor\" href=\"https:\/\/inklusiva.org\/veranstalter\/kontakt\/\"><span class=\"fusion-column-inner-bg-image\"><\/span><\/a><\/span><div class=\"fusion-column-wrapper fusion-flex-column-wrapper-legacy\"><div class=\"fusion-column-content-centered\"><div class=\"fusion-column-content\"><div class=\"fusion-title title fusion-title-4 fusion-sep-none fusion-title-center fusion-title-text fusion-title-size-three\"><h3 class=\"fusion-title-heading title-heading-center fusion-responsive-typography-calculated\" style=\"margin:0;--fontSize:35;line-height:1.35;\">Partner*in werden<\/h3><\/div><\/div><\/div><div class=\"fusion-clearfix\"><\/div><\/div><\/div><\/div><\/div><\/p>\n","protected":false},"excerpt":{"rendered":"","protected":false},"author":2,"featured_media":0,"parent":0,"menu_order":0,"comment_status":"closed","ping_status":"closed","template":"","meta":{"_acf_changed":false,"footnotes":""},"mt-event-group":[],"class_list":["post-2802","page","type-page","status-publish","hentry"],"acf":[],"_links":{"self":[{"href":"https:\/\/old.inklusiva.org\/ls\/wp-json\/wp\/v2\/pages\/2802","targetHints":{"allow":["GET"]}}],"collection":[{"href":"https:\/\/old.inklusiva.org\/ls\/wp-json\/wp\/v2\/pages"}],"about":[{"href":"https:\/\/old.inklusiva.org\/ls\/wp-json\/wp\/v2\/types\/page"}],"author":[{"embeddable":true,"href":"https:\/\/old.inklusiva.org\/ls\/wp-json\/wp\/v2\/users\/2"}],"replies":[{"embeddable":true,"href":"https:\/\/old.inklusiva.org\/ls\/wp-json\/wp\/v2\/comments?post=2802"}],"version-history":[{"count":11,"href":"https:\/\/old.inklusiva.org\/ls\/wp-json\/wp\/v2\/pages\/2802\/revisions"}],"predecessor-version":[{"id":4126,"href":"https:\/\/old.inklusiva.org\/ls\/wp-json\/wp\/v2\/pages\/2802\/revisions\/4126"}],"wp:attachment":[{"href":"https:\/\/old.inklusiva.org\/ls\/wp-json\/wp\/v2\/media?parent=2802"}],"wp:term":[{"taxonomy":"mt-event-group","embeddable":true,"href":"https:\/\/old.inklusiva.org\/ls\/wp-json\/wp\/v2\/mt-event-group?post=2802"}],"curies":[{"name":"wp","href":"https:\/\/api.w.org\/{rel}","templated":true}]}}